{"id":22,"date":"2020-05-02T17:08:05","date_gmt":"2020-05-02T17:08:05","guid":{"rendered":"http:\/\/steck-finanz.de\/?page_id=22"},"modified":"2023-01-14T11:29:02","modified_gmt":"2023-01-14T11:29:02","slug":"kontakt","status":"publish","type":"page","link":"https:\/\/steck-finanz.de\/?page_id=22","title":{"rendered":"Kontakt"},"content":{"rendered":"\n<p>Aktuell haben wir Probleme mit unserem Kontakt-formular. Bitte nehmen Sie daher direkt mit uns Kontakt per Mail oder Telefon auf <br><\/p>\n\n\n\n<p>Telefon: +49 711\/3003812<br>Fax: +49 711\/3003796<br>E-Mail: info@steck-finanz.de<\/p>\n\n\n\n<p><\/p>\n\n\n\n<p>Auch wir sind f\u00fcr die neuen M\u00f6glichkeiten des Internets stets offen. Dennoch verzichten wir auf die M\u00f6glichkeiten der anonymen Angebotserstellung und anderer technischer Finessen.<\/p>\n\n\n\n<p>Bei uns steht weiterhin der pers\u00f6nliche Kontakt zu unseren Kunden im Vordergrund. Dabei ist es uns egal, ob Sie zu uns kommen m\u00f6chten oder wir Sie besuchen. Teilen Sie uns nur mit, was wir f\u00fcr Sie tun k\u00f6nnen und wie wir Sie erreichen.<\/p>\n\n\n\n<p>[contactformgenerator id=&#8220;1&#8243;]<\/p>\n","protected":false},"excerpt":{"rendered":"<p>Aktuell haben wir Probleme mit unserem Kontakt-formular. Bitte nehmen Sie daher direkt mit uns Kontakt per Mail oder Telefon auf Telefon: +49 711\/3003812Fax: +49 711\/3003796E-Mail: info@steck-finanz.de Auch wir sind f\u00fcr die neuen M\u00f6glichkeiten des Internets stets offen. Dennoch verzichten wir auf die M\u00f6glichkeiten der anonymen Angebotserstellung und anderer technischer Finessen. Bei uns steht weiterhin der [&hellip;]<\/p>\n","protected":false},"author":1,"featured_media":0,"parent":0,"menu_order":4,"comment_status":"closed","ping_status":"closed","template":"","meta":[],"_links":{"self":[{"href":"https:\/\/steck-finanz.de\/index.php?rest_route=\/wp\/v2\/pages\/22"}],"collection":[{"href":"https:\/\/steck-finanz.de\/index.php?rest_route=\/wp\/v2\/pages"}],"about":[{"href":"https:\/\/steck-finanz.de\/index.php?rest_route=\/wp\/v2\/types\/page"}],"author":[{"embeddable":true,"href":"https:\/\/steck-finanz.de\/index.php?rest_route=\/wp\/v2\/users\/1"}],"replies":[{"embeddable":true,"href":"https:\/\/steck-finanz.de\/index.php?rest_route=%2Fwp%2Fv2%2Fcomments&post=22"}],"version-history":[{"count":5,"href":"https:\/\/steck-finanz.de\/index.php?rest_route=\/wp\/v2\/pages\/22\/revisions"}],"predecessor-version":[{"id":59,"href":"https:\/\/steck-finanz.de\/index.php?rest_route=\/wp\/v2\/pages\/22\/revisions\/59"}],"wp:attachment":[{"href":"https:\/\/steck-finanz.de\/index.php?rest_route=%2Fwp%2Fv2%2Fmedia&parent=22"}],"curies":[{"name":"wp","href":"https:\/\/api.w.org\/{rel}","templated":true}]}}