{"id":24,"date":"2020-05-02T17:09:40","date_gmt":"2020-05-02T17:09:40","guid":{"rendered":"http:\/\/steck-finanz.de\/?page_id=24"},"modified":"2020-05-02T18:45:25","modified_gmt":"2020-05-02T18:45:25","slug":"immobilien","status":"publish","type":"page","link":"https:\/\/steck-finanz.de\/?page_id=24","title":{"rendered":"Immobilien"},"content":{"rendered":"\n<p>\n\nDie Kapitalanlage, die zus\u00e4tzliche Absicherung zur Rente oder einfach nur was Eigenes um endlich unabh\u00e4ngig zu sein? Immobilien gibt es viele verschiedene und ebensoviele M\u00f6glichkeiten gibt es, diese zu finanzieren. Aufgrund langj\u00e4hriger Erfahrungen helfen wir Ihnen nicht nur beim Erwerb bzw. Verkauf Ihrer Immobilie, wir beraten Sie auch \u00fcber die m\u00f6glichen Finanzierungsformen\n\n<\/p>\n","protected":false},"excerpt":{"rendered":"<p>Die Kapitalanlage, die zus\u00e4tzliche Absicherung zur Rente oder einfach nur was Eigenes um endlich unabh\u00e4ngig zu sein? Immobilien gibt es viele verschiedene und ebensoviele M\u00f6glichkeiten gibt es, diese zu finanzieren. Aufgrund langj\u00e4hriger Erfahrungen helfen wir Ihnen nicht nur beim Erwerb bzw. Verkauf Ihrer Immobilie, wir beraten Sie auch \u00fcber die m\u00f6glichen Finanzierungsformen<\/p>\n","protected":false},"author":1,"featured_media":0,"parent":18,"menu_order":1,"comment_status":"closed","ping_status":"closed","template":"","meta":[],"_links":{"self":[{"href":"https:\/\/steck-finanz.de\/index.php?rest_route=\/wp\/v2\/pages\/24"}],"collection":[{"href":"https:\/\/steck-finanz.de\/index.php?rest_route=\/wp\/v2\/pages"}],"about":[{"href":"https:\/\/steck-finanz.de\/index.php?rest_route=\/wp\/v2\/types\/page"}],"author":[{"embeddable":true,"href":"https:\/\/steck-finanz.de\/index.php?rest_route=\/wp\/v2\/users\/1"}],"replies":[{"embeddable":true,"href":"https:\/\/steck-finanz.de\/index.php?rest_route=%2Fwp%2Fv2%2Fcomments&post=24"}],"version-history":[{"count":1,"href":"https:\/\/steck-finanz.de\/index.php?rest_route=\/wp\/v2\/pages\/24\/revisions"}],"predecessor-version":[{"id":25,"href":"https:\/\/steck-finanz.de\/index.php?rest_route=\/wp\/v2\/pages\/24\/revisions\/25"}],"up":[{"embeddable":true,"href":"https:\/\/steck-finanz.de\/index.php?rest_route=\/wp\/v2\/pages\/18"}],"wp:attachment":[{"href":"https:\/\/steck-finanz.de\/index.php?rest_route=%2Fwp%2Fv2%2Fmedia&parent=24"}],"curies":[{"name":"wp","href":"https:\/\/api.w.org\/{rel}","templated":true}]}}