{"id":26,"date":"2020-05-02T17:17:33","date_gmt":"2020-05-02T17:17:33","guid":{"rendered":"http:\/\/steck-finanz.de\/?page_id=26"},"modified":"2020-05-02T18:45:01","modified_gmt":"2020-05-02T18:45:01","slug":"versicherungen","status":"publish","type":"page","link":"https:\/\/steck-finanz.de\/?page_id=26","title":{"rendered":"Versicherungen"},"content":{"rendered":"\n<p> Selbstverst\u00e4ndlich ist ein Kriterium  individuelles Vertrauens in Ihr Versicherungsunternehmen. Aber vergessen Sie dar\u00fcber nicht, Ihre Versicherung auch nach der fachlichen Kompetenz von Unterehmen und Agentur zu w\u00e4hlen.<\/p>\n\n\n\n<p>Wir beraten Sie ausf\u00fchrlich dar\u00fcber, was Sie wirklich brauchen, was in zus\u00e4tzliches Paket ist und was nur eine unn\u00f6tige finanzielle Belastung darstellt.<\/p>\n\n\n\n<p>Und das, sowohl f\u00fcr Privat-Personen als auch Unternehmen<\/p>\n","protected":false},"excerpt":{"rendered":"<p>Selbstverst\u00e4ndlich ist ein Kriterium individuelles Vertrauens in Ihr Versicherungsunternehmen. Aber vergessen Sie dar\u00fcber nicht, Ihre Versicherung auch nach der fachlichen Kompetenz von Unterehmen und Agentur zu w\u00e4hlen. Wir beraten Sie ausf\u00fchrlich dar\u00fcber, was Sie wirklich brauchen, was in zus\u00e4tzliches Paket ist und was nur eine unn\u00f6tige finanzielle Belastung darstellt. Und das, sowohl f\u00fcr Privat-Personen als [&hellip;]<\/p>\n","protected":false},"author":1,"featured_media":0,"parent":18,"menu_order":0,"comment_status":"closed","ping_status":"closed","template":"","meta":[],"_links":{"self":[{"href":"https:\/\/steck-finanz.de\/index.php?rest_route=\/wp\/v2\/pages\/26"}],"collection":[{"href":"https:\/\/steck-finanz.de\/index.php?rest_route=\/wp\/v2\/pages"}],"about":[{"href":"https:\/\/steck-finanz.de\/index.php?rest_route=\/wp\/v2\/types\/page"}],"author":[{"embeddable":true,"href":"https:\/\/steck-finanz.de\/index.php?rest_route=\/wp\/v2\/users\/1"}],"replies":[{"embeddable":true,"href":"https:\/\/steck-finanz.de\/index.php?rest_route=%2Fwp%2Fv2%2Fcomments&post=26"}],"version-history":[{"count":2,"href":"https:\/\/steck-finanz.de\/index.php?rest_route=\/wp\/v2\/pages\/26\/revisions"}],"predecessor-version":[{"id":28,"href":"https:\/\/steck-finanz.de\/index.php?rest_route=\/wp\/v2\/pages\/26\/revisions\/28"}],"up":[{"embeddable":true,"href":"https:\/\/steck-finanz.de\/index.php?rest_route=\/wp\/v2\/pages\/18"}],"wp:attachment":[{"href":"https:\/\/steck-finanz.de\/index.php?rest_route=%2Fwp%2Fv2%2Fmedia&parent=26"}],"curies":[{"name":"wp","href":"https:\/\/api.w.org\/{rel}","templated":true}]}}