{"id":31,"date":"2020-05-02T17:27:13","date_gmt":"2020-05-02T17:27:13","guid":{"rendered":"http:\/\/steck-finanz.de\/?page_id=31"},"modified":"2020-05-02T18:43:53","modified_gmt":"2020-05-02T18:43:53","slug":"referenzen","status":"publish","type":"page","link":"https:\/\/steck-finanz.de\/?page_id=31","title":{"rendered":"Referenzen"},"content":{"rendered":"\n<p>Wir wollen, dass unsere Kunden zufrieden sind. Und damit r\u00fchmen wir uns auch gerne. Hier eine kleine Auswah unserer langj\u00e4hrigen Kunden in den unterschiedlichsten Branchen und Gr\u00f6\u00dfen.<\/p>\n","protected":false},"excerpt":{"rendered":"<p>Wir wollen, dass unsere Kunden zufrieden sind. Und damit r\u00fchmen wir uns auch gerne. Hier eine kleine Auswah unserer langj\u00e4hrigen Kunden in den unterschiedlichsten Branchen und Gr\u00f6\u00dfen.<\/p>\n","protected":false},"author":1,"featured_media":0,"parent":0,"menu_order":3,"comment_status":"closed","ping_status":"closed","template":"","meta":[],"_links":{"self":[{"href":"https:\/\/steck-finanz.de\/index.php?rest_route=\/wp\/v2\/pages\/31"}],"collection":[{"href":"https:\/\/steck-finanz.de\/index.php?rest_route=\/wp\/v2\/pages"}],"about":[{"href":"https:\/\/steck-finanz.de\/index.php?rest_route=\/wp\/v2\/types\/page"}],"author":[{"embeddable":true,"href":"https:\/\/steck-finanz.de\/index.php?rest_route=\/wp\/v2\/users\/1"}],"replies":[{"embeddable":true,"href":"https:\/\/steck-finanz.de\/index.php?rest_route=%2Fwp%2Fv2%2Fcomments&post=31"}],"version-history":[{"count":1,"href":"https:\/\/steck-finanz.de\/index.php?rest_route=\/wp\/v2\/pages\/31\/revisions"}],"predecessor-version":[{"id":32,"href":"https:\/\/steck-finanz.de\/index.php?rest_route=\/wp\/v2\/pages\/31\/revisions\/32"}],"wp:attachment":[{"href":"https:\/\/steck-finanz.de\/index.php?rest_route=%2Fwp%2Fv2%2Fmedia&parent=31"}],"curies":[{"name":"wp","href":"https:\/\/api.w.org\/{rel}","templated":true}]}}