{"id":35,"date":"2020-05-02T18:25:38","date_gmt":"2020-05-02T18:25:38","guid":{"rendered":"http:\/\/steck-finanz.de\/?page_id=35"},"modified":"2020-05-02T18:41:29","modified_gmt":"2020-05-02T18:41:29","slug":"willkommen","status":"publish","type":"page","link":"https:\/\/steck-finanz.de\/","title":{"rendered":"Willkommen"},"content":{"rendered":"\n<p>Willkommen &#8211; Gr\u00fc\u00df Gott &#8211; Moin &#8211; Servus<br> bei der Versicherungs-Agentur Steck in Stuttgart<\/p>\n\n\n\n<p> Wie Sie schon an unserer Begr\u00fc\u00dfung sehen, orientieren wir uns an unseren Kunden.  <br>Ob dies nun sprachlich, kulturell oder einfach im Bed\u00fcrfnis an Beratung liegt&#8230;.<br><br>&#8230; Wir f\u00fcr Sie<\/p>\n","protected":false},"excerpt":{"rendered":"<p>Willkommen &#8211; Gr\u00fc\u00df Gott &#8211; Moin &#8211; Servus bei der Versicherungs-Agentur Steck in Stuttgart Wie Sie schon an unserer Begr\u00fc\u00dfung sehen, orientieren wir uns an unseren Kunden. Ob dies nun sprachlich, kulturell oder einfach im Bed\u00fcrfnis an Beratung liegt&#8230;. &#8230; Wir f\u00fcr Sie<\/p>\n","protected":false},"author":1,"featured_media":0,"parent":0,"menu_order":0,"comment_status":"closed","ping_status":"closed","template":"","meta":[],"_links":{"self":[{"href":"https:\/\/steck-finanz.de\/index.php?rest_route=\/wp\/v2\/pages\/35"}],"collection":[{"href":"https:\/\/steck-finanz.de\/index.php?rest_route=\/wp\/v2\/pages"}],"about":[{"href":"https:\/\/steck-finanz.de\/index.php?rest_route=\/wp\/v2\/types\/page"}],"author":[{"embeddable":true,"href":"https:\/\/steck-finanz.de\/index.php?rest_route=\/wp\/v2\/users\/1"}],"replies":[{"embeddable":true,"href":"https:\/\/steck-finanz.de\/index.php?rest_route=%2Fwp%2Fv2%2Fcomments&post=35"}],"version-history":[{"count":1,"href":"https:\/\/steck-finanz.de\/index.php?rest_route=\/wp\/v2\/pages\/35\/revisions"}],"predecessor-version":[{"id":36,"href":"https:\/\/steck-finanz.de\/index.php?rest_route=\/wp\/v2\/pages\/35\/revisions\/36"}],"wp:attachment":[{"href":"https:\/\/steck-finanz.de\/index.php?rest_route=%2Fwp%2Fv2%2Fmedia&parent=35"}],"curies":[{"name":"wp","href":"https:\/\/api.w.org\/{rel}","templated":true}]}}